{"id":87,"date":"2018-12-18T13:30:20","date_gmt":"2018-12-18T13:30:20","guid":{"rendered":"https:\/\/www.keops-automation.com\/?page_id=87"},"modified":"2024-07-19T09:31:13","modified_gmt":"2024-07-19T07:31:13","slug":"informations-legales","status":"publish","type":"page","link":"https:\/\/www.keops-automation.com\/fr\/informations-legales\/","title":{"rendered":"Informations l\u00e9gales"},"content":{"rendered":"<div class=\"intro\"><\/div>\n<div class=\"flexiblecontent\">\n<div class=\"contentfullpage\">\n<ul>\n<li><strong>Adresse Internet\u00a0:\u00a0<a href=\"https:\/\/www.keops-automation.com\/fr\/\">https:\/\/www.keops-automation.com\/fr\/<\/a><\/strong><\/li>\n<li><strong>Nom de la soci\u00e9t\u00e9<\/strong>\u00a0: KEOPS Automation<\/li>\n<li><strong>Adresse postale du si\u00e8ge social<\/strong>\u00a0: B\u00e2timent Accueil, Espace Performance, 2B Avenue du Professeur Jean Rouxel, 44481 Carquefou<\/li>\n<li><strong>N\u00b0 t\u00e9l\u00e9phone<\/strong>\u00a0: +33 2 28 23 25 55<\/li>\n<li><strong>SIREN<\/strong>\u00a0: 444\u00a0757 918<\/li>\n<li><strong>Editeur du Site\u00a0:\u00a0<\/strong>KEOPS Automation<\/li>\n<li><strong>Directeur de la publication\u00a0<\/strong>: KEOPS Automation<\/li>\n<li><strong>Responsable de la r\u00e9daction\u00a0:<\/strong> KEOPS Automation<\/li>\n<li><strong>Conception et r\u00e9alisation<\/strong> :\u00a0<a href=\"https:\/\/www.imagescreations.fr\/\" target=\"_blank\" rel=\"noopener\">IMAGES CREATIONS<\/a>, 67 Rue Nicolas Appert, 44100 Nantes<\/li>\n<li><strong>H\u00e9bergement <\/strong><strong>du site : <\/strong><a href=\"https:\/\/www.astorya.fr\/\">ASTORYA<\/a>, 9 rue du petit Chatelier, 44300 Nantes<\/li>\n<\/ul>\n<p>Toute notification r\u00e9alis\u00e9e en application de l\u2019article 6.I-5 (dernier tiret) de la loi du 21 juin 2004 (loi n\u00b02004-575) doit \u00eatre adress\u00e9e en recommand\u00e9 avec demande d\u2019avis de r\u00e9ception \u00e0 l\u2019h\u00e9bergeur du Site internet ci-dessus d\u00e9sign\u00e9.<\/p>\n<\/div>\n<div class=\"contentheader\">\n<h2><strong>PROTECTIONS<\/strong>\u00a0DES DONN\u00c9ES PERSONNELLES<\/h2>\n<\/div>\n<div class=\"contentfullpage\">\n<p>Depuis le 25 mai, le nouveau R\u00e8glement G\u00e9n\u00e9ral europ\u00e9en sur la Protection des Donn\u00e9es \u00e0 caract\u00e8re personnel (RGPD) est entr\u00e9 en application. Lorsque vous remplissez un formulaire sur le site, les informations \u00e9ventuellement recueillies vous concernant peuvent faire l\u2019objet d\u2019un traitement informatique. Ces donn\u00e9es nous permettent de vous contacter et de vous adresser ponctuellement des emails d\u2019information.<\/p>\n<p>Ces donn\u00e9es sont transmises exclusivement aux \u00e9quipes du site et ne sont pas c\u00e9d\u00e9es ni transmises \u00e0 des tiers. La dur\u00e9e de conservation des donn\u00e9es est de trois \u00e0 cinq ans selon la nature de votre demande ou contact et jusqu\u2019\u00e0 votre d\u00e9sinscription.<\/p>\n<p>Conform\u00e9ment \u00e0 la l\u00e9gislation en vigueur, vous b\u00e9n\u00e9ficiez d\u2019un droit d\u2019acc\u00e8s, de rectification, de portabilit\u00e9, d\u2019effacement de celles-ci ou une limitation du traitement. Vous avez la possibilit\u00e9 de vous opposer au traitement des donn\u00e9es vous concernant, d\u2019introduire une r\u00e9clamation aupr\u00e8s d\u2019une autorit\u00e9 de contr\u00f4le et disposez du droit de retirer votre consentement \u00e0 tout moment en adressant un email \u00e0 contact-carquefou@assystem.com.<\/p>\n<p>Comme la tr\u00e8s grande majorit\u00e9 des sites internet, des cookies sont utilis\u00e9s sur le site. Ils sont utilis\u00e9s pour optimiser l\u2019exp\u00e9rience utilisateur mais peuvent \u00e9galement l\u2019\u00eatre dans le cadre de campagnes ponctuelles de remarketing. Ils sont conserv\u00e9s pour une dur\u00e9e maximale de 12 mois. Vous avez la possibilit\u00e9 d\u2019en refuser l\u2019utilisation lors de votre premier acc\u00e8s \u00e0 une page de notre site au travers d\u2019un bandeau d\u2019information. Vous pouvez \u00e9galement \u00e0 tout moment en refuser l\u2019utilisation dans les options de param\u00e9trage de votre navigateur.<\/p>\n<\/div>\n<\/div>\n","protected":false},"excerpt":{"rendered":"<p>Adresse Internet\u00a0:\u00a0https:\/\/www.keops-automation.com\/fr\/ Nom de la soci\u00e9t\u00e9\u00a0: KEOPS Automation Adresse postale du si\u00e8ge social\u00a0: B\u00e2timent Accueil, Espace Performance, 2B Avenue du Professeur Jean Rouxel, 44481 Carquefou N\u00b0 t\u00e9l\u00e9phone\u00a0: +33 2 28 23 25 55 SIREN\u00a0: 444\u00a0757 918 Editeur du Site\u00a0:\u00a0KEOPS Automation Directeur de la publication\u00a0: KEOPS Automation Responsable de la r\u00e9daction\u00a0: KEOPS Automation Conception et r\u00e9alisation [&hellip;]<\/p>\n","protected":false},"author":1,"featured_media":0,"parent":0,"menu_order":0,"comment_status":"closed","ping_status":"closed","template":"","meta":{"footnotes":""},"class_list":["post-87","page","type-page","status-publish","hentry"],"_links":{"self":[{"href":"https:\/\/www.keops-automation.com\/fr\/wp-json\/wp\/v2\/pages\/87","targetHints":{"allow":["GET"]}}],"collection":[{"href":"https:\/\/www.keops-automation.com\/fr\/wp-json\/wp\/v2\/pages"}],"about":[{"href":"https:\/\/www.keops-automation.com\/fr\/wp-json\/wp\/v2\/types\/page"}],"author":[{"embeddable":true,"href":"https:\/\/www.keops-automation.com\/fr\/wp-json\/wp\/v2\/users\/1"}],"replies":[{"embeddable":true,"href":"https:\/\/www.keops-automation.com\/fr\/wp-json\/wp\/v2\/comments?post=87"}],"version-history":[{"count":1,"href":"https:\/\/www.keops-automation.com\/fr\/wp-json\/wp\/v2\/pages\/87\/revisions"}],"predecessor-version":[{"id":919,"href":"https:\/\/www.keops-automation.com\/fr\/wp-json\/wp\/v2\/pages\/87\/revisions\/919"}],"wp:attachment":[{"href":"https:\/\/www.keops-automation.com\/fr\/wp-json\/wp\/v2\/media?parent=87"}],"curies":[{"name":"wp","href":"https:\/\/api.w.org\/{rel}","templated":true}]}}